{"id":679,"date":"2020-10-26T11:20:54","date_gmt":"2020-10-26T10:20:54","guid":{"rendered":"http:\/\/spaceforshore.eu\/?page_id=679"},"modified":"2021-10-18T09:30:33","modified_gmt":"2021-10-18T07:30:33","slug":"greece-demo","status":"publish","type":"page","link":"https:\/\/spaceforshore.eu\/index.php\/greece-demo\/","title":{"rendered":"German demo"},"content":{"rendered":"<h1>GERMANY DEMO MEETING<\/h1>\n<p><img decoding=\"async\" src=\"http:\/\/spaceforshore.eu\/wp-content\/uploads\/elementor\/thumbs\/sao-jacinto-dunes-natural-reserve-aveiro-owwg6cdfn8zf7mwkr8fhhallc3fn133de22zynn68w.jpg\" title=\"Wooden path at Costa Nova d\u2019Aveiro, Portugal, over sand dunes wi\" alt=\"Wooden path at Costa Nova d'Aveiro, Portugal, over sand dunes with ocean view, summer evening. Wooden footbridge of Costa Nova beach in a sunny day. Aveiro, Portugal.\"><\/p>\n<h2>Event info<\/h2>\n<p><img decoding=\"async\" src=\"http:\/\/spaceforshore.eu\/wp-content\/uploads\/elementor\/thumbs\/kisspng-clip-art-computer-icons-portable-network-graphics-guanyu-svg-png-icon-free-download-1-6734-onli-5b755c7f000ff2.7098010015344180470003-ovi0zqki77w6tsv6fzmndwjtchjvd59x0don35ivsk.png\" title=\"kisspng-clip-art-computer-icons-portable-network-graphics-guanyu-svg-png-icon-free-download-1-6734-onli-5b755c7f000ff2.7098010015344180470003\" alt=\"kisspng-clip-art-computer-icons-portable-network-graphics-guanyu-svg-png-icon-free-download-1-6734-onli-5b755c7f000ff2.7098010015344180470003\"><\/p>\n<h6>LLUR, BC, UniHH<\/h6>\n<p><img decoding=\"async\" src=\"http:\/\/spaceforshore.eu\/wp-content\/uploads\/elementor\/thumbs\/257-2579707_svg-calendar-generator-free-blank-calendar-icon-download-ovi16ahzumv5rxch6bm09r0ig79016ajktfijlt2es.png\" title=\"257-2579707_svg-calendar-generator-free-blank-calendar-icon-download\" alt=\"257-2579707_svg-calendar-generator-free-blank-calendar-icon-download\"><\/p>\n<h6>30th October 2020<\/h6>\n<p><img decoding=\"async\" src=\"http:\/\/spaceforshore.eu\/wp-content\/uploads\/elementor\/thumbs\/agenda-ovi16cdo8axqf59qvcf9eqjfmyzqgki092qhi5qa2c.png\" title=\"agenda\" alt=\"agenda\"><\/p>\n<h6><a href=\"http:\/\/spaceforshore.eu\/wp-content\/uploads\/2020\/10\/Workshop-KA\u00bcstener6F73696F6E5F54616765736F72646E756E675F76322E706466.pdf\"><br \/>\nAgenda<\/a><\/h6>\n<p><img decoding=\"async\" src=\"http:\/\/spaceforshore.eu\/wp-content\/uploads\/elementor\/thumbs\/6066e75c002f09ce9147202c28d3c976-2-ovi16cdo8axqf59qvcf9eqjfmyzqgki092qhi5qa2c.png\" title=\"6066e75c002f09ce9147202c28d3c976 (2)\" alt=\"6066e75c002f09ce9147202c28d3c976 (2)\"><\/p>\n<h6><u>For participation please contact<\/u>:<br \/>\nHans-Christian Reimers, LLUR<br \/>\nEmail: Hans-Christian.Reimers@llur.landsh.de<\/h6>\n<p><img decoding=\"async\" src=\"http:\/\/spaceforshore.eu\/wp-content\/uploads\/elementor\/thumbs\/hiclipart.com_-ovi16dbif4z0qr8dputvz8aw8cv3o9lql7dyzfovw4.png\" title=\"hiclipart.com\" alt=\"hiclipart.com\"><\/p>\n<h6>Event capacity (12 physical, 10 online)<\/h6>\n<p><img decoding=\"async\" src=\"http:\/\/spaceforshore.eu\/wp-content\/uploads\/elementor\/thumbs\/hiclipart.com_-ovi16dbif4z0qr8dputvz8aw8cv3o9lql7dyzfovw4.png\" title=\"hiclipart.com\" alt=\"hiclipart.com\"><\/p>\n<h6>Event capacity (12 physical, 10 online)<\/p>\n<p style=\"text-align:justify\">Landesamt f\u00fcr Landwirtschaft, Umwelt und l\u00e4ndlichen R\u00e4ume (LLUR)<\/p>\n<p style=\"text-align:justify\">Hamburger<\/p>\n<p style=\"text-align:justify\">Chaussee 25<\/p>\n<p style=\"text-align:justify\">24220 Flintbek<\/p>\n<\/h6>\n<p><iframe scrolling=\"no\" marginheight=\"0\" marginwidth=\"0\" src=\"https:\/\/maps.google.com\/maps?q=Landesamt%20f%C3%BCr%20Landwirtschaft%2C%20Umwelt%20und%20l%C3%A4ndlichen%20R%C3%A4ume%20%28LLUR%29%20Hamburger%20Chaussee%2025%2024220%20Flintbek&amp;t=m&amp;z=14&amp;output=embed&amp;iwloc=near\" title=\"Landesamt f\u00fcr Landwirtschaft, Umwelt und l\u00e4ndlichen R\u00e4ume (LLUR) Hamburger Chaussee 25 24220 Flintbek\" aria-label=\"Landesamt f\u00fcr Landwirtschaft, Umwelt und l\u00e4ndlichen R\u00e4ume (LLUR) Hamburger Chaussee 25 24220 Flintbek\" frameborder=\"0\"><\/iframe><\/p>\n","protected":false},"excerpt":{"rendered":"<p>GERMANY DEMO MEETING Event info LLUR, BC, UniHH 30th October 2020 Agenda For participation please contact: Hans-Christian Reimers, LLUR Email: Hans-Christian.Reimers@llur.landsh.de Event capacity (12 physical, 10 online) Event capacity (12 physical, 10 online) Landesamt f\u00fcr Landwirtschaft, Umwelt und l\u00e4ndlichen R\u00e4ume (LLUR) Hamburger Chaussee 25 24220 Flintbek<\/p>\n","protected":false},"author":1,"featured_media":0,"parent":0,"menu_order":0,"comment_status":"closed","ping_status":"closed","template":"page-templates\/template-pagebuilder-full-width.php","meta":[],"_links":{"self":[{"href":"https:\/\/spaceforshore.eu\/index.php\/wp-json\/wp\/v2\/pages\/679"}],"collection":[{"href":"https:\/\/spaceforshore.eu\/index.php\/wp-json\/wp\/v2\/pages"}],"about":[{"href":"https:\/\/spaceforshore.eu\/index.php\/wp-json\/wp\/v2\/types\/page"}],"author":[{"embeddable":true,"href":"https:\/\/spaceforshore.eu\/index.php\/wp-json\/wp\/v2\/users\/1"}],"replies":[{"embeddable":true,"href":"https:\/\/spaceforshore.eu\/index.php\/wp-json\/wp\/v2\/comments?post=679"}],"version-history":[{"count":11,"href":"https:\/\/spaceforshore.eu\/index.php\/wp-json\/wp\/v2\/pages\/679\/revisions"}],"predecessor-version":[{"id":833,"href":"https:\/\/spaceforshore.eu\/index.php\/wp-json\/wp\/v2\/pages\/679\/revisions\/833"}],"wp:attachment":[{"href":"https:\/\/spaceforshore.eu\/index.php\/wp-json\/wp\/v2\/media?parent=679"}],"curies":[{"name":"wp","href":"https:\/\/api.w.org\/{rel}","templated":true}]}}